{"id":43137,"date":"2022-10-27T12:51:32","date_gmt":"2022-10-27T12:51:32","guid":{"rendered":"https:\/\/www.rightsdirect.com\/copyright-education-internationaler-leitfaden-zum-urheberrecht\/international-collective-copyright-licencing\/"},"modified":"2023-02-01T18:26:48","modified_gmt":"2023-02-01T18:26:48","slug":"internationale-kollektive-urheberrechtslizenzierung","status":"publish","type":"page","link":"https:\/\/www.rightsdirect.com\/de\/copyright-education-internationaler-leitfaden-zum-urheberrecht\/internationale-kollektive-urheberrechtslizenzierung\/","title":{"rendered":"Internationale kollektive Urheberrechtslizenzierung"},"content":{"rendered":"\n<p><strong>Kollektive Lizenzierung auf internationaler Ebene<\/strong><\/p>\n\n\n\n<p>In vielen L\u00e4ndern lizenzieren Organisationen zur kollektiven Rechtewahrnehmung (auch bekannt als Verwertungsgesellschaften oder &#8222;Collective Management Organisations&#8220; oder &#8222;CMOs&#8220;)<\/p>\n\n\n\n<ul class=\"wp-block-list\">\n<li>lizenzieren die Nutzung von Werken in gro\u00dfem Umfang im Namen einer gro\u00dfen Anzahl von Rechteinhaber:innen<\/li>\n\n\n\n<li>ziehen f\u00fcr diese Nutzungen Tantiemen ein<\/li>\n\n\n\n<li>verteilen diese Tantiemen an die Rechteinhaber:innen zur\u00fcck<\/li>\n<\/ul>\n\n\n\n<p>Es gibt Organisationen f\u00fcr die kollektive Rechtewahrnehmung, die sich auf verschiedene Kategorien von Werken und Urhebern spezialisiert haben. Im Bereich der text- und bildbasierten Werke werden diese Organisationen als Reproduktionsrechte-Organisationen (RROs) bezeichnet. Sie befassen sich in der Regel mit der Lizenzierung von Sekund\u00e4rnutzungen von B\u00fcchern, Zeitschriften, Zeitungen und Magazinen &#8211; sowohl in Papier- als auch in Online- oder digitalen Formaten &#8211; und in einigen F\u00e4llen auch mit visuellen Inhalten wie Filmen, Fotos und Illustrationen.<\/p>\n\n\n\n<p>Das Copyright Clearance Center (CCC), die Mutterorganisation von RightsDirect, ist selbst eine RRO.&nbsp; Es gibt RROs in fast 80 L\u00e4ndern, die von erfahrenen Organisationen mit langer Geschichte bis hin zu neu gegr\u00fcndeten Organisationen in Entwicklungsl\u00e4ndern reichen.&nbsp; Die meisten RROs geh\u00f6ren der International Federation of Reproduction Rights Organisations (IFRRO) an.<\/p>\n\n\n\n<p>RROs auf der ganzen Welt arbeiten mit unterschiedlichen Lizenzierungsmodellen, die entweder durch das jeweilige lokale Urheberrecht vorgeschrieben oder erlaubt sind. Nach dem Quick Guide der IFRRO gibt es drei grundlegende Arten von RRO-Lizenzierungsmodellen:<\/p>\n\n\n\n<ul class=\"wp-block-list\">\n<li>Freiwillige kollektive Lizenzierung<\/li>\n\n\n\n<li>Freiwillige kollektive Lizenzierung mit gesetzlicher Unterst\u00fctzung<\/li>\n\n\n\n<li>Gesetzliche Lizenzen<\/li>\n<\/ul>\n\n\n\n<p>Einige RROs bieten eine Kombination von Merkmalen der drei Lizenzierungsmodelle an. RRO-Lizenzen k\u00f6nnen sich auch in der Anzahl und den Arten von Werken, die sie umfassen, in den Nutzungsarten, die sie erlauben, und in ihrem geografischen Geltungsbereich unterscheiden.<\/p>\n","protected":false},"excerpt":{"rendered":"<p>Kollektive Lizenzierung auf internationaler Ebene In vielen L\u00e4ndern lizenzieren Organisationen zur kollektiven Rechtewahrnehmung (auch bekannt als Verwertungsgesellschaften oder &#8222;Collective Management&nbsp;&hellip;<\/p>\n","protected":false},"author":1,"featured_media":0,"parent":43129,"menu_order":0,"comment_status":"closed","ping_status":"closed","template":"","meta":{"_acf_changed":false,"inline_featured_image":false,"footnotes":"","_links_to":"","_links_to_target":""},"internal_tag":[],"coauthors":[],"class_list":["post-43137","page","type-page","status-publish","hentry"],"yoast_head":"<!-- This site is optimized with the Yoast SEO plugin v27.2 - https:\/\/yoast.com\/product\/yoast-seo-wordpress\/ -->\n<title>Internationale kollektive Urheberrechtslizenzierung - RightsDirect<\/title>\n<meta name=\"robots\" content=\"index, follow, max-snippet:-1, max-image-preview:large, max-video-preview:-1\" \/>\n<link rel=\"canonical\" href=\"https:\/\/www.rightsdirect.com\/de\/copyright-education-internationaler-leitfaden-zum-urheberrecht\/internationale-kollektive-urheberrechtslizenzierung\/\" \/>\n<meta property=\"og:locale\" content=\"de_DE\" \/>\n<meta property=\"og:type\" content=\"article\" \/>\n<meta property=\"og:title\" content=\"Internationale kollektive Urheberrechtslizenzierung - RightsDirect\" \/>\n<meta property=\"og:description\" content=\"Kollektive Lizenzierung auf internationaler Ebene In vielen L\u00e4ndern lizenzieren Organisationen zur kollektiven Rechtewahrnehmung (auch bekannt als Verwertungsgesellschaften oder &#8222;Collective Management&nbsp;&hellip;\" \/>\n<meta property=\"og:url\" content=\"https:\/\/www.rightsdirect.com\/de\/copyright-education-internationaler-leitfaden-zum-urheberrecht\/internationale-kollektive-urheberrechtslizenzierung\/\" \/>\n<meta property=\"og:site_name\" content=\"RightsDirect\" \/>\n<meta property=\"article:publisher\" content=\"https:\/\/www.facebook.com\/RightsDirect\" \/>\n<meta property=\"article:modified_time\" content=\"2023-02-01T18:26:48+00:00\" \/>\n<meta name=\"twitter:label1\" content=\"Gesch\u00e4tzte Lesezeit\" \/>\n\t<meta name=\"twitter:data1\" content=\"2\u00a0Minuten\" \/>\n\t<meta name=\"twitter:label2\" content=\"Written by\" \/>\n\t<meta name=\"twitter:data2\" content=\"CCC\" \/>\n<script type=\"application\/ld+json\" class=\"yoast-schema-graph\">{\"@context\":\"https:\/\/schema.org\",\"@graph\":[{\"@type\":\"WebPage\",\"@id\":\"https:\/\/www.rightsdirect.com\/de\/copyright-education-internationaler-leitfaden-zum-urheberrecht\/internationale-kollektive-urheberrechtslizenzierung\/\",\"url\":\"https:\/\/www.rightsdirect.com\/de\/copyright-education-internationaler-leitfaden-zum-urheberrecht\/internationale-kollektive-urheberrechtslizenzierung\/\",\"name\":\"Internationale kollektive Urheberrechtslizenzierung - RightsDirect\",\"isPartOf\":{\"@id\":\"https:\/\/www.rightsdirect.com\/de\/#website\"},\"datePublished\":\"2022-10-27T12:51:32+00:00\",\"dateModified\":\"2023-02-01T18:26:48+00:00\",\"breadcrumb\":{\"@id\":\"https:\/\/www.rightsdirect.com\/de\/copyright-education-internationaler-leitfaden-zum-urheberrecht\/internationale-kollektive-urheberrechtslizenzierung\/#breadcrumb\"},\"inLanguage\":\"de\",\"potentialAction\":[{\"@type\":\"ReadAction\",\"target\":[\"https:\/\/www.rightsdirect.com\/de\/copyright-education-internationaler-leitfaden-zum-urheberrecht\/internationale-kollektive-urheberrechtslizenzierung\/\"]}]},{\"@type\":\"BreadcrumbList\",\"@id\":\"https:\/\/www.rightsdirect.com\/de\/copyright-education-internationaler-leitfaden-zum-urheberrecht\/internationale-kollektive-urheberrechtslizenzierung\/#breadcrumb\",\"itemListElement\":[{\"@type\":\"ListItem\",\"position\":1,\"name\":\"Home\",\"item\":\"https:\/\/www.rightsdirect.com\/de\/\"},{\"@type\":\"ListItem\",\"position\":2,\"name\":\"Education: International Copyright Guide\",\"item\":\"https:\/\/www.rightsdirect.com\/de\/copyright-education-internationaler-leitfaden-zum-urheberrecht\/\"},{\"@type\":\"ListItem\",\"position\":3,\"name\":\"Internationale kollektive Urheberrechtslizenzierung\"}]},{\"@type\":\"WebSite\",\"@id\":\"https:\/\/www.rightsdirect.com\/de\/#website\",\"url\":\"https:\/\/www.rightsdirect.com\/de\/\",\"name\":\"RightsDirect\",\"description\":\"Global Copyright Compliance Solutions | Rights Licensing | Copyright Education\",\"publisher\":{\"@id\":\"https:\/\/www.rightsdirect.com\/de\/#organization\"},\"potentialAction\":[{\"@type\":\"SearchAction\",\"target\":{\"@type\":\"EntryPoint\",\"urlTemplate\":\"https:\/\/www.rightsdirect.com\/de\/?s={search_term_string}\"},\"query-input\":{\"@type\":\"PropertyValueSpecification\",\"valueRequired\":true,\"valueName\":\"search_term_string\"}}],\"inLanguage\":\"de\"},{\"@type\":\"Organization\",\"@id\":\"https:\/\/www.rightsdirect.com\/de\/#organization\",\"name\":\"RightsDirect\",\"url\":\"https:\/\/www.rightsdirect.com\/de\/\",\"logo\":{\"@type\":\"ImageObject\",\"inLanguage\":\"de\",\"@id\":\"https:\/\/www.rightsdirect.com\/de\/#\/schema\/logo\/image\/\",\"url\":\"https:\/\/www.rightsdirect.com\/wp-content\/uploads\/sites\/6\/2016\/05\/RightsDirect-Logo.RGB-300ppi.jpg\",\"contentUrl\":\"https:\/\/www.rightsdirect.com\/wp-content\/uploads\/sites\/6\/2016\/05\/RightsDirect-Logo.RGB-300ppi.jpg\",\"width\":2000,\"height\":1200,\"caption\":\"RightsDirect\"},\"image\":{\"@id\":\"https:\/\/www.rightsdirect.com\/de\/#\/schema\/logo\/image\/\"},\"sameAs\":[\"https:\/\/www.facebook.com\/RightsDirect\",\"https:\/\/x.com\/RightsDirect\",\"https:\/\/www.linkedin.com\/company\/rightsdirect\",\"https:\/\/www.youtube.com\/user\/copyrightclear\"]}]}<\/script>\n<!-- \/ Yoast SEO plugin. -->","yoast_head_json":{"title":"Internationale kollektive Urheberrechtslizenzierung - RightsDirect","robots":{"index":"index","follow":"follow","max-snippet":"max-snippet:-1","max-image-preview":"max-image-preview:large","max-video-preview":"max-video-preview:-1"},"canonical":"https:\/\/www.rightsdirect.com\/de\/copyright-education-internationaler-leitfaden-zum-urheberrecht\/internationale-kollektive-urheberrechtslizenzierung\/","og_locale":"de_DE","og_type":"article","og_title":"Internationale kollektive Urheberrechtslizenzierung - RightsDirect","og_description":"Kollektive Lizenzierung auf internationaler Ebene In vielen L\u00e4ndern lizenzieren Organisationen zur kollektiven Rechtewahrnehmung (auch bekannt als Verwertungsgesellschaften oder &#8222;Collective Management&nbsp;&hellip;","og_url":"https:\/\/www.rightsdirect.com\/de\/copyright-education-internationaler-leitfaden-zum-urheberrecht\/internationale-kollektive-urheberrechtslizenzierung\/","og_site_name":"RightsDirect","article_publisher":"https:\/\/www.facebook.com\/RightsDirect","article_modified_time":"2023-02-01T18:26:48+00:00","twitter_misc":{"Gesch\u00e4tzte Lesezeit":"2\u00a0Minuten","Written by":"CCC"},"schema":{"@context":"https:\/\/schema.org","@graph":[{"@type":"WebPage","@id":"https:\/\/www.rightsdirect.com\/de\/copyright-education-internationaler-leitfaden-zum-urheberrecht\/internationale-kollektive-urheberrechtslizenzierung\/","url":"https:\/\/www.rightsdirect.com\/de\/copyright-education-internationaler-leitfaden-zum-urheberrecht\/internationale-kollektive-urheberrechtslizenzierung\/","name":"Internationale kollektive Urheberrechtslizenzierung - RightsDirect","isPartOf":{"@id":"https:\/\/www.rightsdirect.com\/de\/#website"},"datePublished":"2022-10-27T12:51:32+00:00","dateModified":"2023-02-01T18:26:48+00:00","breadcrumb":{"@id":"https:\/\/www.rightsdirect.com\/de\/copyright-education-internationaler-leitfaden-zum-urheberrecht\/internationale-kollektive-urheberrechtslizenzierung\/#breadcrumb"},"inLanguage":"de","potentialAction":[{"@type":"ReadAction","target":["https:\/\/www.rightsdirect.com\/de\/copyright-education-internationaler-leitfaden-zum-urheberrecht\/internationale-kollektive-urheberrechtslizenzierung\/"]}]},{"@type":"BreadcrumbList","@id":"https:\/\/www.rightsdirect.com\/de\/copyright-education-internationaler-leitfaden-zum-urheberrecht\/internationale-kollektive-urheberrechtslizenzierung\/#breadcrumb","itemListElement":[{"@type":"ListItem","position":1,"name":"Home","item":"https:\/\/www.rightsdirect.com\/de\/"},{"@type":"ListItem","position":2,"name":"Education: International Copyright Guide","item":"https:\/\/www.rightsdirect.com\/de\/copyright-education-internationaler-leitfaden-zum-urheberrecht\/"},{"@type":"ListItem","position":3,"name":"Internationale kollektive Urheberrechtslizenzierung"}]},{"@type":"WebSite","@id":"https:\/\/www.rightsdirect.com\/de\/#website","url":"https:\/\/www.rightsdirect.com\/de\/","name":"RightsDirect","description":"Global Copyright Compliance Solutions | Rights Licensing | Copyright Education","publisher":{"@id":"https:\/\/www.rightsdirect.com\/de\/#organization"},"potentialAction":[{"@type":"SearchAction","target":{"@type":"EntryPoint","urlTemplate":"https:\/\/www.rightsdirect.com\/de\/?s={search_term_string}"},"query-input":{"@type":"PropertyValueSpecification","valueRequired":true,"valueName":"search_term_string"}}],"inLanguage":"de"},{"@type":"Organization","@id":"https:\/\/www.rightsdirect.com\/de\/#organization","name":"RightsDirect","url":"https:\/\/www.rightsdirect.com\/de\/","logo":{"@type":"ImageObject","inLanguage":"de","@id":"https:\/\/www.rightsdirect.com\/de\/#\/schema\/logo\/image\/","url":"https:\/\/www.rightsdirect.com\/wp-content\/uploads\/sites\/6\/2016\/05\/RightsDirect-Logo.RGB-300ppi.jpg","contentUrl":"https:\/\/www.rightsdirect.com\/wp-content\/uploads\/sites\/6\/2016\/05\/RightsDirect-Logo.RGB-300ppi.jpg","width":2000,"height":1200,"caption":"RightsDirect"},"image":{"@id":"https:\/\/www.rightsdirect.com\/de\/#\/schema\/logo\/image\/"},"sameAs":["https:\/\/www.facebook.com\/RightsDirect","https:\/\/x.com\/RightsDirect","https:\/\/www.linkedin.com\/company\/rightsdirect","https:\/\/www.youtube.com\/user\/copyrightclear"]}]}},"acf":[],"publishpress_future_action":{"enabled":false,"date":"2026-04-20 20:39:11","action":"change-status","newStatus":"draft","terms":[],"taxonomy":"translation_priority","extraData":[]},"publishpress_future_workflow_manual_trigger":{"enabledWorkflows":[]},"_links":{"self":[{"href":"https:\/\/www.rightsdirect.com\/de\/wp-json\/wp\/v2\/pages\/43137","targetHints":{"allow":["GET"]}}],"collection":[{"href":"https:\/\/www.rightsdirect.com\/de\/wp-json\/wp\/v2\/pages"}],"about":[{"href":"https:\/\/www.rightsdirect.com\/de\/wp-json\/wp\/v2\/types\/page"}],"author":[{"embeddable":true,"href":"https:\/\/www.rightsdirect.com\/de\/wp-json\/wp\/v2\/users\/1"}],"replies":[{"embeddable":true,"href":"https:\/\/www.rightsdirect.com\/de\/wp-json\/wp\/v2\/comments?post=43137"}],"version-history":[{"count":4,"href":"https:\/\/www.rightsdirect.com\/de\/wp-json\/wp\/v2\/pages\/43137\/revisions"}],"predecessor-version":[{"id":44934,"href":"https:\/\/www.rightsdirect.com\/de\/wp-json\/wp\/v2\/pages\/43137\/revisions\/44934"}],"up":[{"embeddable":true,"href":"https:\/\/www.rightsdirect.com\/de\/wp-json\/wp\/v2\/pages\/43129"}],"wp:attachment":[{"href":"https:\/\/www.rightsdirect.com\/de\/wp-json\/wp\/v2\/media?parent=43137"}],"wp:term":[{"taxonomy":"internal_tag","embeddable":true,"href":"https:\/\/www.rightsdirect.com\/de\/wp-json\/wp\/v2\/internal_tag?post=43137"},{"taxonomy":"author","embeddable":true,"href":"https:\/\/www.rightsdirect.com\/de\/wp-json\/wp\/v2\/coauthors?post=43137"}],"curies":[{"name":"wp","href":"https:\/\/api.w.org\/{rel}","templated":true}]}}