{"id":43873,"date":"2022-10-27T12:52:34","date_gmt":"2022-10-27T12:52:34","guid":{"rendered":"https:\/\/www.rightsdirect.com\/copyright-education-internationaler-leitfaden-zum-urheberrecht\/copyright-regulations-in-europe\/"},"modified":"2023-02-01T18:26:44","modified_gmt":"2023-02-01T18:26:44","slug":"urheberrechtsbestimmungen-in-europa","status":"publish","type":"page","link":"https:\/\/www.rightsdirect.com\/de\/copyright-education-internationaler-leitfaden-zum-urheberrecht\/urheberrechtsbestimmungen-in-europa\/","title":{"rendered":"Urheberrechtsbestimmungen in Europa"},"content":{"rendered":"\n<p>Die Bem\u00fchungen der Europ\u00e4ischen Union um eine Harmonisierung des Urheberrechts haben zu einer Reihe von Verordnungen gef\u00fchrt, darunter die Richtlinie \u00fcber das Urheberrecht in der Informationsgesellschaft von 2001.<\/p>\n\n\n\n<p>Die Richtlinie zur Harmonisierung bestimmter Aspekte des Urheberrechts und der verwandten Schutzrechte in der Informationsgesellschaft (2001\/29\/EG) hatte zwei Hauptziele<\/p>\n\n\n\n<ul class=\"wp-block-list\">\n<li>Ber\u00fccksichtigung der technologischen Entwicklungen im Urheberrecht in Europa<\/li>\n\n\n\n<li>Die Umsetzung der Bestimmungen der beiden WIPO-Vertr\u00e4ge von 1996 in das Recht aller EU-L\u00e4nder.<\/li>\n<\/ul>\n\n\n\n<p>Die Richtlinie harmonisierte die Rechtsvorschriften der Mitgliedstaaten der Europ\u00e4ischen Union:<\/p>\n\n\n\n<ul class=\"wp-block-list\">\n<li>das Recht der Vervielf\u00e4ltigung<\/li>\n\n\n\n<li>Verbreitung und \u00f6ffentliche Wiedergabe<\/li>\n\n\n\n<li>den Rechtsschutz f\u00fcr technische Schutzma\u00dfnahmen und Systeme zur Rechteverwaltung.<\/li>\n<\/ul>\n\n\n\n<p>&nbsp;Sie enthielt auch eine ersch\u00f6pfende Liste von Beschr\u00e4nkungen und Ausnahmen des Urheberrechts, deren Umsetzung in nationales Recht den Mitgliedstaaten gr\u00f6\u00dftenteils freigestellt ist. Eine sp\u00e4tere Studie des Instituts f\u00fcr Informationsrecht (Universit\u00e4t Amsterdam) kam zu dem Schluss, dass diese den Mitgliedstaaten einger\u00e4umten Optionen die Harmonisierung erheblich beeintr\u00e4chtigt haben.<\/p>\n\n\n\n<p>Ein weiterer wichtiger europ\u00e4ischer Rechtsakt ist die Richtlinie von 2004 \u00fcber die Durchsetzung der Rechte des geistigen Eigentums, auf die 2009 die Einrichtung der Europ\u00e4ischen Beobachtungsstelle f\u00fcr Marken- und Produktpiraterie folgte.<\/p>\n","protected":false},"excerpt":{"rendered":"<p>Die Bem\u00fchungen der Europ\u00e4ischen Union um eine Harmonisierung des Urheberrechts haben zu einer Reihe von Verordnungen gef\u00fchrt, darunter die Richtlinie&nbsp;&hellip;<\/p>\n","protected":false},"author":1,"featured_media":0,"parent":43129,"menu_order":0,"comment_status":"closed","ping_status":"closed","template":"","meta":{"_acf_changed":false,"inline_featured_image":false,"footnotes":"","_links_to":"","_links_to_target":""},"internal_tag":[],"coauthors":[],"class_list":["post-43873","page","type-page","status-publish","hentry"],"yoast_head":"<!-- This site is optimized with the Yoast SEO plugin v27.2 - https:\/\/yoast.com\/product\/yoast-seo-wordpress\/ -->\n<title>Urheberrechtsbestimmungen in Europa - RightsDirect<\/title>\n<meta name=\"robots\" content=\"index, follow, max-snippet:-1, max-image-preview:large, max-video-preview:-1\" \/>\n<link rel=\"canonical\" href=\"https:\/\/www.rightsdirect.com\/de\/copyright-education-internationaler-leitfaden-zum-urheberrecht\/urheberrechtsbestimmungen-in-europa\/\" \/>\n<meta property=\"og:locale\" content=\"de_DE\" \/>\n<meta property=\"og:type\" content=\"article\" \/>\n<meta property=\"og:title\" content=\"Urheberrechtsbestimmungen in Europa - RightsDirect\" \/>\n<meta property=\"og:description\" content=\"Die Bem\u00fchungen der Europ\u00e4ischen Union um eine Harmonisierung des Urheberrechts haben zu einer Reihe von Verordnungen gef\u00fchrt, darunter die Richtlinie&nbsp;&hellip;\" \/>\n<meta property=\"og:url\" content=\"https:\/\/www.rightsdirect.com\/de\/copyright-education-internationaler-leitfaden-zum-urheberrecht\/urheberrechtsbestimmungen-in-europa\/\" \/>\n<meta property=\"og:site_name\" content=\"RightsDirect\" \/>\n<meta property=\"article:publisher\" content=\"https:\/\/www.facebook.com\/RightsDirect\" \/>\n<meta property=\"article:modified_time\" content=\"2023-02-01T18:26:44+00:00\" \/>\n<meta name=\"twitter:label1\" content=\"Gesch\u00e4tzte Lesezeit\" \/>\n\t<meta name=\"twitter:data1\" content=\"1\u00a0Minute\" \/>\n\t<meta name=\"twitter:label2\" content=\"Written by\" \/>\n\t<meta name=\"twitter:data2\" content=\"CCC\" \/>\n<script type=\"application\/ld+json\" class=\"yoast-schema-graph\">{\"@context\":\"https:\/\/schema.org\",\"@graph\":[{\"@type\":\"WebPage\",\"@id\":\"https:\/\/www.rightsdirect.com\/de\/copyright-education-internationaler-leitfaden-zum-urheberrecht\/urheberrechtsbestimmungen-in-europa\/\",\"url\":\"https:\/\/www.rightsdirect.com\/de\/copyright-education-internationaler-leitfaden-zum-urheberrecht\/urheberrechtsbestimmungen-in-europa\/\",\"name\":\"Urheberrechtsbestimmungen in Europa - RightsDirect\",\"isPartOf\":{\"@id\":\"https:\/\/www.rightsdirect.com\/de\/#website\"},\"datePublished\":\"2022-10-27T12:52:34+00:00\",\"dateModified\":\"2023-02-01T18:26:44+00:00\",\"breadcrumb\":{\"@id\":\"https:\/\/www.rightsdirect.com\/de\/copyright-education-internationaler-leitfaden-zum-urheberrecht\/urheberrechtsbestimmungen-in-europa\/#breadcrumb\"},\"inLanguage\":\"de\",\"potentialAction\":[{\"@type\":\"ReadAction\",\"target\":[\"https:\/\/www.rightsdirect.com\/de\/copyright-education-internationaler-leitfaden-zum-urheberrecht\/urheberrechtsbestimmungen-in-europa\/\"]}]},{\"@type\":\"BreadcrumbList\",\"@id\":\"https:\/\/www.rightsdirect.com\/de\/copyright-education-internationaler-leitfaden-zum-urheberrecht\/urheberrechtsbestimmungen-in-europa\/#breadcrumb\",\"itemListElement\":[{\"@type\":\"ListItem\",\"position\":1,\"name\":\"Home\",\"item\":\"https:\/\/www.rightsdirect.com\/de\/\"},{\"@type\":\"ListItem\",\"position\":2,\"name\":\"Education: International Copyright Guide\",\"item\":\"https:\/\/www.rightsdirect.com\/de\/copyright-education-internationaler-leitfaden-zum-urheberrecht\/\"},{\"@type\":\"ListItem\",\"position\":3,\"name\":\"Urheberrechtsbestimmungen in Europa\"}]},{\"@type\":\"WebSite\",\"@id\":\"https:\/\/www.rightsdirect.com\/de\/#website\",\"url\":\"https:\/\/www.rightsdirect.com\/de\/\",\"name\":\"RightsDirect\",\"description\":\"Global Copyright Compliance Solutions | Rights Licensing | Copyright Education\",\"publisher\":{\"@id\":\"https:\/\/www.rightsdirect.com\/de\/#organization\"},\"potentialAction\":[{\"@type\":\"SearchAction\",\"target\":{\"@type\":\"EntryPoint\",\"urlTemplate\":\"https:\/\/www.rightsdirect.com\/de\/?s={search_term_string}\"},\"query-input\":{\"@type\":\"PropertyValueSpecification\",\"valueRequired\":true,\"valueName\":\"search_term_string\"}}],\"inLanguage\":\"de\"},{\"@type\":\"Organization\",\"@id\":\"https:\/\/www.rightsdirect.com\/de\/#organization\",\"name\":\"RightsDirect\",\"url\":\"https:\/\/www.rightsdirect.com\/de\/\",\"logo\":{\"@type\":\"ImageObject\",\"inLanguage\":\"de\",\"@id\":\"https:\/\/www.rightsdirect.com\/de\/#\/schema\/logo\/image\/\",\"url\":\"https:\/\/www.rightsdirect.com\/wp-content\/uploads\/sites\/6\/2016\/05\/RightsDirect-Logo.RGB-300ppi.jpg\",\"contentUrl\":\"https:\/\/www.rightsdirect.com\/wp-content\/uploads\/sites\/6\/2016\/05\/RightsDirect-Logo.RGB-300ppi.jpg\",\"width\":2000,\"height\":1200,\"caption\":\"RightsDirect\"},\"image\":{\"@id\":\"https:\/\/www.rightsdirect.com\/de\/#\/schema\/logo\/image\/\"},\"sameAs\":[\"https:\/\/www.facebook.com\/RightsDirect\",\"https:\/\/x.com\/RightsDirect\",\"https:\/\/www.linkedin.com\/company\/rightsdirect\",\"https:\/\/www.youtube.com\/user\/copyrightclear\"]}]}<\/script>\n<!-- \/ Yoast SEO plugin. -->","yoast_head_json":{"title":"Urheberrechtsbestimmungen in Europa - RightsDirect","robots":{"index":"index","follow":"follow","max-snippet":"max-snippet:-1","max-image-preview":"max-image-preview:large","max-video-preview":"max-video-preview:-1"},"canonical":"https:\/\/www.rightsdirect.com\/de\/copyright-education-internationaler-leitfaden-zum-urheberrecht\/urheberrechtsbestimmungen-in-europa\/","og_locale":"de_DE","og_type":"article","og_title":"Urheberrechtsbestimmungen in Europa - RightsDirect","og_description":"Die Bem\u00fchungen der Europ\u00e4ischen Union um eine Harmonisierung des Urheberrechts haben zu einer Reihe von Verordnungen gef\u00fchrt, darunter die Richtlinie&nbsp;&hellip;","og_url":"https:\/\/www.rightsdirect.com\/de\/copyright-education-internationaler-leitfaden-zum-urheberrecht\/urheberrechtsbestimmungen-in-europa\/","og_site_name":"RightsDirect","article_publisher":"https:\/\/www.facebook.com\/RightsDirect","article_modified_time":"2023-02-01T18:26:44+00:00","twitter_misc":{"Gesch\u00e4tzte Lesezeit":"1\u00a0Minute","Written by":"CCC"},"schema":{"@context":"https:\/\/schema.org","@graph":[{"@type":"WebPage","@id":"https:\/\/www.rightsdirect.com\/de\/copyright-education-internationaler-leitfaden-zum-urheberrecht\/urheberrechtsbestimmungen-in-europa\/","url":"https:\/\/www.rightsdirect.com\/de\/copyright-education-internationaler-leitfaden-zum-urheberrecht\/urheberrechtsbestimmungen-in-europa\/","name":"Urheberrechtsbestimmungen in Europa - RightsDirect","isPartOf":{"@id":"https:\/\/www.rightsdirect.com\/de\/#website"},"datePublished":"2022-10-27T12:52:34+00:00","dateModified":"2023-02-01T18:26:44+00:00","breadcrumb":{"@id":"https:\/\/www.rightsdirect.com\/de\/copyright-education-internationaler-leitfaden-zum-urheberrecht\/urheberrechtsbestimmungen-in-europa\/#breadcrumb"},"inLanguage":"de","potentialAction":[{"@type":"ReadAction","target":["https:\/\/www.rightsdirect.com\/de\/copyright-education-internationaler-leitfaden-zum-urheberrecht\/urheberrechtsbestimmungen-in-europa\/"]}]},{"@type":"BreadcrumbList","@id":"https:\/\/www.rightsdirect.com\/de\/copyright-education-internationaler-leitfaden-zum-urheberrecht\/urheberrechtsbestimmungen-in-europa\/#breadcrumb","itemListElement":[{"@type":"ListItem","position":1,"name":"Home","item":"https:\/\/www.rightsdirect.com\/de\/"},{"@type":"ListItem","position":2,"name":"Education: International Copyright Guide","item":"https:\/\/www.rightsdirect.com\/de\/copyright-education-internationaler-leitfaden-zum-urheberrecht\/"},{"@type":"ListItem","position":3,"name":"Urheberrechtsbestimmungen in Europa"}]},{"@type":"WebSite","@id":"https:\/\/www.rightsdirect.com\/de\/#website","url":"https:\/\/www.rightsdirect.com\/de\/","name":"RightsDirect","description":"Global Copyright Compliance Solutions | Rights Licensing | Copyright Education","publisher":{"@id":"https:\/\/www.rightsdirect.com\/de\/#organization"},"potentialAction":[{"@type":"SearchAction","target":{"@type":"EntryPoint","urlTemplate":"https:\/\/www.rightsdirect.com\/de\/?s={search_term_string}"},"query-input":{"@type":"PropertyValueSpecification","valueRequired":true,"valueName":"search_term_string"}}],"inLanguage":"de"},{"@type":"Organization","@id":"https:\/\/www.rightsdirect.com\/de\/#organization","name":"RightsDirect","url":"https:\/\/www.rightsdirect.com\/de\/","logo":{"@type":"ImageObject","inLanguage":"de","@id":"https:\/\/www.rightsdirect.com\/de\/#\/schema\/logo\/image\/","url":"https:\/\/www.rightsdirect.com\/wp-content\/uploads\/sites\/6\/2016\/05\/RightsDirect-Logo.RGB-300ppi.jpg","contentUrl":"https:\/\/www.rightsdirect.com\/wp-content\/uploads\/sites\/6\/2016\/05\/RightsDirect-Logo.RGB-300ppi.jpg","width":2000,"height":1200,"caption":"RightsDirect"},"image":{"@id":"https:\/\/www.rightsdirect.com\/de\/#\/schema\/logo\/image\/"},"sameAs":["https:\/\/www.facebook.com\/RightsDirect","https:\/\/x.com\/RightsDirect","https:\/\/www.linkedin.com\/company\/rightsdirect","https:\/\/www.youtube.com\/user\/copyrightclear"]}]}},"acf":[],"publishpress_future_action":{"enabled":false,"date":"2026-04-12 14:43:01","action":"change-status","newStatus":"draft","terms":[],"taxonomy":"translation_priority","extraData":[]},"publishpress_future_workflow_manual_trigger":{"enabledWorkflows":[]},"_links":{"self":[{"href":"https:\/\/www.rightsdirect.com\/de\/wp-json\/wp\/v2\/pages\/43873","targetHints":{"allow":["GET"]}}],"collection":[{"href":"https:\/\/www.rightsdirect.com\/de\/wp-json\/wp\/v2\/pages"}],"about":[{"href":"https:\/\/www.rightsdirect.com\/de\/wp-json\/wp\/v2\/types\/page"}],"author":[{"embeddable":true,"href":"https:\/\/www.rightsdirect.com\/de\/wp-json\/wp\/v2\/users\/1"}],"replies":[{"embeddable":true,"href":"https:\/\/www.rightsdirect.com\/de\/wp-json\/wp\/v2\/comments?post=43873"}],"version-history":[{"count":4,"href":"https:\/\/www.rightsdirect.com\/de\/wp-json\/wp\/v2\/pages\/43873\/revisions"}],"predecessor-version":[{"id":44932,"href":"https:\/\/www.rightsdirect.com\/de\/wp-json\/wp\/v2\/pages\/43873\/revisions\/44932"}],"up":[{"embeddable":true,"href":"https:\/\/www.rightsdirect.com\/de\/wp-json\/wp\/v2\/pages\/43129"}],"wp:attachment":[{"href":"https:\/\/www.rightsdirect.com\/de\/wp-json\/wp\/v2\/media?parent=43873"}],"wp:term":[{"taxonomy":"internal_tag","embeddable":true,"href":"https:\/\/www.rightsdirect.com\/de\/wp-json\/wp\/v2\/internal_tag?post=43873"},{"taxonomy":"author","embeddable":true,"href":"https:\/\/www.rightsdirect.com\/de\/wp-json\/wp\/v2\/coauthors?post=43873"}],"curies":[{"name":"wp","href":"https:\/\/api.w.org\/{rel}","templated":true}]}}